{"id":110699,"date":"2015-10-09T18:28:01","date_gmt":"2015-10-09T16:28:01","guid":{"rendered":"https:\/\/restelliguanti.it\/cookie-policy\/"},"modified":"2015-10-09T18:28:01","modified_gmt":"2015-10-09T16:28:01","slug":"cookie-policy","status":"publish","type":"page","link":"https:\/\/restelliguanti.it\/en\/cookie-policy\/","title":{"rendered":"COOKIE POLICY"},"content":{"rendered":"<p><strong>COOKIE POLICY<\/strong><br \/>\nInformativa ai sensi dell&#8217;art. 13 del D. Lgs. 196\/2003<\/p>\n<p>Ai sensi del Decreto Legislativo 30 giugno 2003 n. 196 (di seguito il Codice) Ditta Restelli Guanti (di seguito la Societ\u00e0) desidera fornirLe le informazioni che seguono in ordine al trattamento dei Suoi dati personali, restando inteso che visitando il sito www.restelliguanti.it (di seguito il Sito) Lei prende atto ed accetta le procedure descritte in questa Informativa sulla privacy.<\/p>\n<p><strong>1. Finalit\u00e0 del trattamento<\/strong><br \/>\nIl trattamento dei dati personali da Lei forniti e\/o desunti con la navigazione nel Sito \u00e8 diretto al raggiungimento delle seguenti finalit\u00e0:<br \/>\na. consentire l\u2019accesso e la navigazione nel Sito nonch\u00e9 elaborare statistiche anonime sull\u2019uso del Sito, per controllare il corretto funzionamento dello stesso e per l\u2019accertamento di eventuali responsabilit\u00e0 in caso di illeciti commessi durante la navigazione;<br \/>\nb. fornire il servizio di registrazione nel Sito;<br \/>\nc. fornire i servizi offerti dalla Societ\u00e0.<\/p>\n<p><strong>2. Cookie<\/strong><br \/>\nLa Societ\u00e0 desidera altres\u00ec informarLa che, per consentire ai nostri sistemi di riconoscere il Suo dispositivo e per offrirLe talune funzionalit\u00e0, tra cui agevolare la navigazione all\u2019interno del Sito e la sua corretta fruizione, facilitare l\u2019accesso ai servizi che richiedono l\u2019autenticazione, nonch\u00e9 per conoscere quali aree del Sito sono state visitate, utilizza i cookie, vale a dire piccoli file di testo che vengono inviati al Suo dispositivo (solitamente al browser) da un web server (in questo caso dal Sito), dove vengono memorizzati per essere poi ritrasmessi al Sito alla Sua successiva visita. I cookie utilizzati nel Sito sono sia persistenti (rimangono cio\u00e8 memorizzati, fino alla loro scadenza, sul disco rigido del personal computer dell&#8217;utente\/visitatore) che di sessione (non vengono cio\u00e8 memorizzati in modo persistente sul computer dell&#8217;utente\/visitatore e svaniscono con la chiusura del browser).<br \/>\nLa Societ\u00e0 utilizza i cookies anche per altri scopi, tra cui:<br \/>\na. identificarLa al momento dell\u2019autenticazione sul Sito. In questo modo la Societ\u00e0 pu\u00f2 fornire raccomandazioni sui prodotti, visualizzare contenuti personalizzati, mettere a disposizione altre funzioni e servizi personalizzati;<br \/>\nb. fornire contenuti, inclusa la pubblicit\u00e0, pertinenti ai Suoi interessi sul Sito. La pubblicit\u00e0 definita in base ai Suoi interessi \u00e8 soggetta alle Sue preferenze;<br \/>\nc. tenere traccia delle preferenze da Lei indicate;<\/p>\n<p>Cookie persistenti vengono usati al solo fine di agevolare la navigazione all\u2019interno del Sito e la sua corretta fruizione, per facilitare l\u2019accesso ai servizi che richiedono l\u2019autenticazione (evitando che gli utenti debbano reinserire le credenziali di autenticazione ad ogni accesso ai servizi), nonch\u00e9 a fini statistici, per conoscere quali aree del Sito sono state visitate. I cookie di sessione sono utilizzati al solo fine di trasmettere gli identificativi di sessione necessari per consentire l\u2019esplorazione sicura ed efficiente del Sito. I cookie di sessione utilizzati nel Sito evitano il ricorso ad altre tecniche informatiche potenzialmente pregiudizievoli per la riservatezza della navigazione degli utenti\/visitatori e vengono impiegati anche per migliorare l\u2019erogazione dei servizi. Visitando il Sito con il browser impostato in modo che accetti i cookie Lei esprime il consenso a voler utilizzare i prodotti e i servizi della Societ\u00e0 e acconsente all&#8217;utilizzo dei cookie e di altre tecnologie necessarie per visualizzarli, come descritto in questa Informativa sulla Privacy. La sezione seguente illustra come modificare le impostazioni del Suo browser, in modo che Lei possa essere avvisato quando riceve un nuovo cookie o per consentirLe di disabilitare i cookie. Nel corso della navigazione sul Sito, Lei potr\u00e0 inoltre ricevere sul Suo dispositivo anche cookie di siti o di web server diversi (c.d. cookie di &#8220;terze parti\u201d), generati da altri siti per erogare contenuto sul Sito al fine di gestire in modalit\u00e0 dinamica ed evoluta l\u2019erogazione di messaggi pubblicitari. I browser pi\u00f9 diffusi prevedono la possibilit\u00e0 di bloccare esclusivamente i cookie di terze parti, accettando solo quelli propri del Sito. Inoltre, alcune societ\u00e0 che generano cookie su siti terzi, offrono la possibilit\u00e0 di disattivare e\/o inibire in modo semplice e immediato solo i propri cookie, anche quando questi sono anonimi, ovvero non comportano la registrazione di dati personali identificativi (quali, a titolo esemplificativo, l\u2019indirizzo IP).<\/p>\n<p>I diversi tipi di Cookie<\/p>\n<p>1. Cookie Tecnici<br \/>\n&#8211; Cookie di navigazione o di sessione: utilizzati al solo fine di effettuare la trasmissione di una comunicazione su una rete di comunicazione elettronica, o necessari a fornire un servizio esplicitamente richiesto dall&#8217;utente;<br \/>\n&#8211; Analytics: se utilizzati direttamente dal gestore del sito per raccogliere informazioni in forma aggregata sul numero di utenti e su come questi visitano il sito;<br \/>\n&#8211; Cookie di funzionalit\u00e0: permettono all&#8217;utente la navigazione in funzione di una serie di criteri selezionati (ad es.: la lingua) al fine di migliorare il servizio.<\/p>\n<p>2. Cookie di Profilazione<br \/>\n&#8211; Volti a creare profili relativi all&#8217;utente ed utilizzati al fine di inviare messaggi pubblicitari in linea con le preferenze manifestate dallo stesso nell\u2019ambito della navigazione in rete.<br \/>\nEcco una lista di cookies utilizzati su questo sito:<\/p>\n<p>a. Google Adwords offre annunci pubblicitari mirati sulla base del comportamento e sugli interessi degli utenti online. Per maggiori informazioni http:\/\/www.google.it\/intl\/it\/policies\/privacy\/#channel=ha&amp;subid=it-it-ha-aw-bkha0~59045266735<br \/>\nb. Google Analytics si occupa dell&#8217;analisi dei dati web di livello aziendale. Per maggiori informazioni http:\/\/www.google.it\/intl\/it\/policies\/<br \/>\nI cookie e le impostazioni del browser<br \/>\nPer una completa fruizione del Sito, \u00e8 consigliabile configurare il browser in modo che accetti la ricezione dei cookie.<br \/>\nBloccando o altrimenti rifiutando i cookie, infatti, Lei non potr\u00e0 fruire in modo ottimale di alcune aree del Sito ed inoltre potrebbe essere compromesso l\u2019utilizzo dei servizi sotto autenticazione. In ogni caso, \u00e8 possibile modificare il browser per disattivare i cookie tramite una procedura molto semplice. La funzionalit\u00e0 \u201cAiuto\u201d della maggior parte dei browser Le indicher\u00e0 infatti come impedire che il browser accetti nuovi cookie, come fare in modo che il browser La avverta quando riceve un nuovo cookie e come poter disabilitare del tutto i cookie. Inoltre, potr\u00e0 disabilitare o eliminare dati simili utilizzati dai componenti aggiuntivi del browser, quali i cookie flash, cambiando le impostazioni del componente aggiuntivo o visitando il sito web del relativo produttore.<\/p>\n<p><strong>3. Modalit\u00e0 di trattamento \u2013 Misure di sicurezza<\/strong><br \/>\nIl trattamento dei Suoi dati personali potr\u00e0 consistere, oltre che nella loro raccolta, nella loro registrazione, conservazione, modificazione, comunicazione, cancellazione. Il trattamento, inoltre, potr\u00e0 essere effettuato con o senza l\u2019utilizzo di strumenti elettronici da personale appositamente incaricato.<br \/>\nLa conservazione dei dati avverr\u00e0 in forma elettronica\/informatica\/ottica e per il tempo strettamente necessario al soddisfacimento delle finalit\u00e0 di cui al punto 1, nel rispetto della normativa vigente.<br \/>\nIn relazione ai Suoi dati personali la Societ\u00e0 adotter\u00e0 tutti gli strumenti idonei a garantirne la sicurezza e la riservatezza, in conformit\u00e0 a quanto previsto dal Codice. In particolare saranno adottate tutte le misure tecniche, informatiche, organizzative, logistiche e procedurali di sicurezza, come stabilite dal Codice, in modo che sia garantito il livello di protezione dei dati previsto dalla normativa vigente.<br \/>\nInoltre, le metodologie applicate garantiscono che l\u2019accesso ai dati sia consentito alle sole persone incaricate del trattamento da parte della Societ\u00e0.<\/p>\n<p><strong>4. Conferimento dati<\/strong><br \/>\nPer quanto concerne il conferimento dei dati personali La informiamo che i sistemi informatici e le procedure software preposte al funzionamento del Sito acquisiscono, nel corso del loro normale esercizio, alcuni dati personali la cui trasmissione \u00e8 implicita nell\u2019uso dei protocolli di comunicazione di internet; il mero accesso al Sito comporta pertanto l\u2019acquisizione da parte della Societ\u00e0 di dati a Lei relativi; taluni dati personali a Lei relativi sono obbligatori ai fini della registrazione nel Sito ed il rifiuto da parte Sua di fornirli non consente di completare la procedura di registrazione.<\/p>\n<p><strong>5. Comunicazione e diffusione dei dati<br \/>\n<\/strong>I dati personali raccolti per il raggiungimento delle finalit\u00e0 di cui al punto 1 che precede non saranno oggetto di comunicazione n\u00e9 diffusione a terzi.<\/p>\n<p><strong>6. Diritti dell\u2019interessato<br \/>\n<\/strong>Ai sensi dell\u2019articolo 7 e seguenti del Codice, Lei ha diritto, tra l\u2019altro, di:<br \/>\na. ottenere conferma dell\u2019esistenza o meno di dati personali che La riguardano e la loro comunicazione in forma intelligibile;<br \/>\nb. ottenere, a cura del Titolare o del Responsabile del trattamento, come di seguito individuati:<br \/>\nindicazioni sull\u2019origine dei dati personali, sulle finalit\u00e0 e sulle modalit\u00e0 del trattamento, sulla logica applicata in caso di trattamento effettuato con l\u2019ausilio di strumenti elettronici;<br \/>\nindicazione degli estremi identificativi del Titolare del trattamento e del\/i Responsabile\/i, nonch\u00e9, eventualmente, del rappresentante designato da un soggetto straniero al trattamento dei dati in Italia;<br \/>\nindicazioni circa i soggetti o le categorie di soggetti a cui i dati possono essere comunicati o che possono venire a conoscenza degli stessi in qualit\u00e0 di rappresentante designato sul territorio dello stato, di responsabili o incaricati;<br \/>\nottenere:<br \/>\nl\u2019aggiornamento, la rettificazione o l\u2019integrazione dati che La riguardano;<br \/>\nla cancellazione, la trasformazione in forma anonima;<br \/>\nopporsi, in tutto o in parte:<br \/>\na. per motivi legittimi, al trattamento dei dati che La riguardano, ancorch\u00e9 pertinenti allo scopo della raccolta;<br \/>\nb. al trattamento dei dati personali che La riguardano, previsto ai fini di informazione commerciale o di invio di materiale pubblicitario o di vendita diretta ovvero per il compimento di ricerche di mercato o di comunicazione commerciale.<br \/>\nI diritti che precedono, possono essere esercitati sia direttamente, sia tramite un Suo incaricato, nelle forme previste degli artt. 8 e 9 del Codice.<br \/>\nPer esercitare i diritti sopra riportati, dovr\u00e0 effettuare richiesta scritta, tramite email certificata, al Responsabile del trattamento dei dati, come infra individuato.<\/p>\n<p><strong>7. Titolare e Responsabile<\/strong><br \/>\nTitolare del trattamento \u00e8 la scrivente societ\u00e0, in persona del legale rappresentante pro tempore, con sede legale in Corso Sempione 84 Milano.<br \/>\nIl Responsabile del trattamento dei dati che La riguardano, domiciliato per questo incarico presso la sede della Societ\u00e0, \u00e8 il responsabile Sales and Marketing pro tempore E-mail: <span id=\"cloak18222\"><a href=\"mailto:restelli@restelliguanti.it\">restelli@restelliguanti.it<\/a><\/span><\/p>\n","protected":false},"excerpt":{"rendered":"<p>COOKIE POLICY Informativa ai sensi dell&#8217;art. 13 del D. Lgs. 196\/2003 Ai sensi del Decreto Legislativo 30 giugno 2003 n. [&hellip;]<\/p>\n","protected":false},"author":14,"featured_media":0,"parent":0,"menu_order":0,"comment_status":"closed","ping_status":"closed","template":"","meta":{"_acf_changed":false,"footnotes":""},"class_list":["post-110699","page","type-page","status-publish","hentry"],"acf":[],"yoast_head":"<!-- This site is optimized with the Yoast SEO plugin v26.1.1 - https:\/\/yoast.com\/wordpress\/plugins\/seo\/ -->\n<title>Cookie Policy<\/title>\n<meta name=\"description\" content=\"Cookie Policy. Tutte le informazioni per navigare in tranquillit\u00e0 sul nostro sito. Restelli Guanti: produttori di guanti dal 1920 a Milano\" \/>\n<meta name=\"robots\" content=\"noindex, nofollow\" \/>\n<meta property=\"og:locale\" content=\"en_US\" \/>\n<meta property=\"og:type\" content=\"article\" \/>\n<meta property=\"og:title\" content=\"Cookie Policy\" \/>\n<meta property=\"og:description\" content=\"Cookie Policy. Tutte le informazioni per navigare in tranquillit\u00e0 sul nostro sito. Restelli Guanti: produttori di guanti dal 1920 a Milano\" \/>\n<meta property=\"og:url\" content=\"https:\/\/restelliguanti.it\/en\/cookie-policy\/\" \/>\n<meta property=\"og:site_name\" content=\"Restelli Guanti\" \/>\n<meta property=\"article:publisher\" content=\"https:\/\/www.facebook.com\/restelliguanti?fref=ts\" \/>\n<meta name=\"twitter:card\" content=\"summary_large_image\" \/>\n<meta name=\"twitter:site\" content=\"@restelliguanti\" \/>\n<meta name=\"twitter:label1\" content=\"Est. reading time\" \/>\n\t<meta name=\"twitter:data1\" content=\"8 minutes\" \/>\n<script type=\"application\/ld+json\" class=\"yoast-schema-graph\">{\"@context\":\"https:\/\/schema.org\",\"@graph\":[{\"@type\":\"WebPage\",\"@id\":\"https:\/\/restelliguanti.it\/en\/cookie-policy\/\",\"url\":\"https:\/\/restelliguanti.it\/en\/cookie-policy\/\",\"name\":\"Cookie Policy\",\"isPartOf\":{\"@id\":\"https:\/\/restelliguanti.it\/en\/#website\"},\"datePublished\":\"2015-10-09T16:28:01+00:00\",\"description\":\"Cookie Policy. Tutte le informazioni per navigare in tranquillit\u00e0 sul nostro sito. Restelli Guanti: produttori di guanti dal 1920 a Milano\",\"breadcrumb\":{\"@id\":\"https:\/\/restelliguanti.it\/en\/cookie-policy\/#breadcrumb\"},\"inLanguage\":\"en-US\",\"potentialAction\":[{\"@type\":\"ReadAction\",\"target\":[\"https:\/\/restelliguanti.it\/en\/cookie-policy\/\"]}]},{\"@type\":\"BreadcrumbList\",\"@id\":\"https:\/\/restelliguanti.it\/en\/cookie-policy\/#breadcrumb\",\"itemListElement\":[{\"@type\":\"ListItem\",\"position\":1,\"name\":\"Home\",\"item\":\"https:\/\/restelliguanti.it\/en\/\"},{\"@type\":\"ListItem\",\"position\":2,\"name\":\"COOKIE POLICY\"}]},{\"@type\":\"WebSite\",\"@id\":\"https:\/\/restelliguanti.it\/en\/#website\",\"url\":\"https:\/\/restelliguanti.it\/en\/\",\"name\":\"Restelli Guanti\",\"description\":\"Guanti di lusso made in italy\",\"publisher\":{\"@id\":\"https:\/\/restelliguanti.it\/en\/#organization\"},\"potentialAction\":[{\"@type\":\"SearchAction\",\"target\":{\"@type\":\"EntryPoint\",\"urlTemplate\":\"https:\/\/restelliguanti.it\/en\/?s={search_term_string}\"},\"query-input\":{\"@type\":\"PropertyValueSpecification\",\"valueRequired\":true,\"valueName\":\"search_term_string\"}}],\"inLanguage\":\"en-US\"},{\"@type\":\"Organization\",\"@id\":\"https:\/\/restelliguanti.it\/en\/#organization\",\"name\":\"Restelli Guanti\",\"url\":\"https:\/\/restelliguanti.it\/en\/\",\"logo\":{\"@type\":\"ImageObject\",\"inLanguage\":\"en-US\",\"@id\":\"https:\/\/restelliguanti.it\/en\/#\/schema\/logo\/image\/\",\"url\":\"https:\/\/restelliguanti.it\/wp-content\/uploads\/2024\/11\/logo-square.jpg\",\"contentUrl\":\"https:\/\/restelliguanti.it\/wp-content\/uploads\/2024\/11\/logo-square.jpg\",\"width\":1200,\"height\":1200,\"caption\":\"Restelli Guanti\"},\"image\":{\"@id\":\"https:\/\/restelliguanti.it\/en\/#\/schema\/logo\/image\/\"},\"sameAs\":[\"https:\/\/www.facebook.com\/restelliguanti?fref=ts\",\"https:\/\/x.com\/restelliguanti\",\"https:\/\/www.instagram.com\/restelliguanti\/\",\"http:\/\/www.pinterest.com\/restelliguanti\/\"]}]}<\/script>\n<!-- \/ Yoast SEO plugin. -->","yoast_head_json":{"title":"Cookie Policy","description":"Cookie Policy. Tutte le informazioni per navigare in tranquillit\u00e0 sul nostro sito. Restelli Guanti: produttori di guanti dal 1920 a Milano","robots":{"index":"noindex","follow":"nofollow"},"og_locale":"en_US","og_type":"article","og_title":"Cookie Policy","og_description":"Cookie Policy. Tutte le informazioni per navigare in tranquillit\u00e0 sul nostro sito. Restelli Guanti: produttori di guanti dal 1920 a Milano","og_url":"https:\/\/restelliguanti.it\/en\/cookie-policy\/","og_site_name":"Restelli Guanti","article_publisher":"https:\/\/www.facebook.com\/restelliguanti?fref=ts","twitter_card":"summary_large_image","twitter_site":"@restelliguanti","twitter_misc":{"Est. reading time":"8 minutes"},"schema":{"@context":"https:\/\/schema.org","@graph":[{"@type":"WebPage","@id":"https:\/\/restelliguanti.it\/en\/cookie-policy\/","url":"https:\/\/restelliguanti.it\/en\/cookie-policy\/","name":"Cookie Policy","isPartOf":{"@id":"https:\/\/restelliguanti.it\/en\/#website"},"datePublished":"2015-10-09T16:28:01+00:00","description":"Cookie Policy. Tutte le informazioni per navigare in tranquillit\u00e0 sul nostro sito. Restelli Guanti: produttori di guanti dal 1920 a Milano","breadcrumb":{"@id":"https:\/\/restelliguanti.it\/en\/cookie-policy\/#breadcrumb"},"inLanguage":"en-US","potentialAction":[{"@type":"ReadAction","target":["https:\/\/restelliguanti.it\/en\/cookie-policy\/"]}]},{"@type":"BreadcrumbList","@id":"https:\/\/restelliguanti.it\/en\/cookie-policy\/#breadcrumb","itemListElement":[{"@type":"ListItem","position":1,"name":"Home","item":"https:\/\/restelliguanti.it\/en\/"},{"@type":"ListItem","position":2,"name":"COOKIE POLICY"}]},{"@type":"WebSite","@id":"https:\/\/restelliguanti.it\/en\/#website","url":"https:\/\/restelliguanti.it\/en\/","name":"Restelli Guanti","description":"Guanti di lusso made in italy","publisher":{"@id":"https:\/\/restelliguanti.it\/en\/#organization"},"potentialAction":[{"@type":"SearchAction","target":{"@type":"EntryPoint","urlTemplate":"https:\/\/restelliguanti.it\/en\/?s={search_term_string}"},"query-input":{"@type":"PropertyValueSpecification","valueRequired":true,"valueName":"search_term_string"}}],"inLanguage":"en-US"},{"@type":"Organization","@id":"https:\/\/restelliguanti.it\/en\/#organization","name":"Restelli Guanti","url":"https:\/\/restelliguanti.it\/en\/","logo":{"@type":"ImageObject","inLanguage":"en-US","@id":"https:\/\/restelliguanti.it\/en\/#\/schema\/logo\/image\/","url":"https:\/\/restelliguanti.it\/wp-content\/uploads\/2024\/11\/logo-square.jpg","contentUrl":"https:\/\/restelliguanti.it\/wp-content\/uploads\/2024\/11\/logo-square.jpg","width":1200,"height":1200,"caption":"Restelli Guanti"},"image":{"@id":"https:\/\/restelliguanti.it\/en\/#\/schema\/logo\/image\/"},"sameAs":["https:\/\/www.facebook.com\/restelliguanti?fref=ts","https:\/\/x.com\/restelliguanti","https:\/\/www.instagram.com\/restelliguanti\/","http:\/\/www.pinterest.com\/restelliguanti\/"]}]}},"_links":{"self":[{"href":"https:\/\/restelliguanti.it\/en\/wp-json\/wp\/v2\/pages\/110699","targetHints":{"allow":["GET"]}}],"collection":[{"href":"https:\/\/restelliguanti.it\/en\/wp-json\/wp\/v2\/pages"}],"about":[{"href":"https:\/\/restelliguanti.it\/en\/wp-json\/wp\/v2\/types\/page"}],"author":[{"embeddable":true,"href":"https:\/\/restelliguanti.it\/en\/wp-json\/wp\/v2\/users\/14"}],"replies":[{"embeddable":true,"href":"https:\/\/restelliguanti.it\/en\/wp-json\/wp\/v2\/comments?post=110699"}],"version-history":[{"count":0,"href":"https:\/\/restelliguanti.it\/en\/wp-json\/wp\/v2\/pages\/110699\/revisions"}],"wp:attachment":[{"href":"https:\/\/restelliguanti.it\/en\/wp-json\/wp\/v2\/media?parent=110699"}],"curies":[{"name":"wp","href":"https:\/\/api.w.org\/{rel}","templated":true}]}}