{"id":115831,"date":"2025-07-24T09:44:40","date_gmt":"2025-07-24T07:44:40","guid":{"rendered":"https:\/\/restelliguanti.it\/restelli-temporary-shop-milan-opens-3-november-2025\/"},"modified":"2026-02-02T10:41:22","modified_gmt":"2026-02-02T09:41:22","slug":"temporary-shop-restelli-milan-artisan-custom-gloves","status":"publish","type":"page","link":"https:\/\/restelliguanti.it\/en\/temporary-shop-restelli-milan-artisan-custom-gloves\/","title":{"rendered":"Milan&#8217;s Restelli Temporary Shop will come back in autumn"},"content":{"rendered":"\t\t<div data-elementor-type=\"wp-page\" data-elementor-id=\"115831\" class=\"elementor elementor-115831 elementor-115777\" data-elementor-post-type=\"page\">\n\t\t\t\t\t\t<section class=\"rey-lazyBg elementor-section elementor-top-section elementor-element elementor-element-f5f53ad rey-section-stretched elementor-section-full_width elementor-section-content-bottom rey-section-bg--classic elementor-section-height-default elementor-section-height-default\" data-id=\"f5f53ad\" data-element_type=\"section\" data-settings=\"{&quot;background_background&quot;:&quot;classic&quot;,&quot;animation_mobile&quot;:&quot;none&quot;}\">\n\t\t\t\t\t\t<div class=\"elementor-container elementor-column-gap-default\">\n\t\t\t\t\t<div class=\"rey-lazyBg elementor-column elementor-col-100 elementor-top-column elementor-element elementor-element-bee6cdc rey-colbg--classic\" data-id=\"bee6cdc\" data-element_type=\"column\" data-settings=\"{&quot;background_background&quot;:&quot;classic&quot;}\">\n\t\t\t<div class=\"elementor-column-wrap--bee6cdc elementor-widget-wrap elementor-element-populated\">\n\t\t\t\t\t<div class=\"elementor-background-overlay\"><\/div>\n\t\t\t\t\t\t<div class=\"elementor-element elementor-element-394a5ae elementor-widget__width-auto --il--stretch elementor-widget elementor-widget-heading\" data-id=\"394a5ae\" data-element_type=\"widget\" data-widget_type=\"heading.default\">\n\t\t\t\t<div class=\"elementor-widget-container\">\n\t\t\t<style>\/*! elementor - v3.21.0 - 30-04-2024 *\/\n.elementor-heading-title{padding:0;margin:0;line-height:1}.elementor-widget-heading .elementor-heading-title[class*=elementor-size-]>a{color:inherit;font-size:inherit;line-height:inherit}.elementor-widget-heading .elementor-heading-title.elementor-size-small{font-size:15px}.elementor-widget-heading .elementor-heading-title.elementor-size-medium{font-size:19px}.elementor-widget-heading .elementor-heading-title.elementor-size-large{font-size:29px}.elementor-widget-heading .elementor-heading-title.elementor-size-xl{font-size:39px}.elementor-widget-heading .elementor-heading-title.elementor-size-xxl{font-size:59px}<\/style><h1 class=\"elementor-heading-title elementor-size-default\"><center>Milan's Restelli Temporary Shop will come back in autumn<\/center><\/h1>\t\t<\/div>\n\t\t\t\t<\/div>\n\t\t\t\t\t<\/div>\n\t\t<\/div>\n\t\t\t\t\t<\/div>\n\t\t<\/section>\n\t\t<div class=\"e-con-top elementor-element elementor-element-49d4836 e-flex e-con-boxed e-con e-parent\" data-id=\"49d4836\" data-element_type=\"container\">\n\t\t\t\t\t<div class=\"e-con-inner\">\n\t\t\t\t<div class=\"elementor-element elementor-element-fcff630 elementor-widget elementor-widget-text-editor\" data-id=\"fcff630\" data-element_type=\"widget\" data-widget_type=\"text-editor.default\">\n\t\t\t\t<div class=\"elementor-widget-container\">\n\t\t\t<style>\/*! elementor - v3.21.0 - 30-04-2024 *\/\n.elementor-widget-text-editor.elementor-drop-cap-view-stacked .elementor-drop-cap{background-color:#69727d;color:#fff}.elementor-widget-text-editor.elementor-drop-cap-view-framed .elementor-drop-cap{color:#69727d;border:3px solid;background-color:transparent}.elementor-widget-text-editor:not(.elementor-drop-cap-view-default) .elementor-drop-cap{margin-top:8px}.elementor-widget-text-editor:not(.elementor-drop-cap-view-default) .elementor-drop-cap-letter{width:1em;height:1em}.elementor-widget-text-editor .elementor-drop-cap{float:left;text-align:center;line-height:1;font-size:50px}.elementor-widget-text-editor .elementor-drop-cap-letter{display:inline-block}<\/style>\t\t\t\t<p>We are delighted to share the success of the Restelli temporary shop in Milan at Corso Magenta 32, in the heart of the city! This adventure represented a great commitment for us and an important opportunity to present our artisanal glove collections. The experience was extraordinary and allowed us to meet many enthusiasts of quality and Made in Italy craftsmanship.  L&#8217;esperienza \u00e8 stata straordinaria e ci ha permesso di incontrare tanti appassionati di qualit\u00e0 e artigianalit\u00e0 Made in Italy.<\/p><p>From November 3, 2025 to January 31, 2026, the temporary shop welcomed numerous visitors who were able to explore our driving gloves, ski gloves, women&#8217;s and men&#8217;s models. Every day we had the pleasure of showcasing the artisanal mastery that characterizes each of our products. In addition to this, for a selection of products, it was possible to customize details and add monograms, making purchases truly unique and bespoke. It was a way to continue our artisanal tradition, which for over 100 years has distinguished us for quality and attention to detail.   <\/p>\t\t\t\t\t\t<\/div>\n\t\t\t\t<\/div>\n\t\t\t\t<div class=\"elementor-element elementor-element-1a9b628 elementor-widget elementor-widget-text-editor\" data-id=\"1a9b628\" data-element_type=\"widget\" data-widget_type=\"text-editor.default\">\n\t\t\t\t<div class=\"elementor-widget-container\">\n\t\t\t\t\t\t\t<p>Restelli&#8217;s elegance and creativity welcomed visitors in a contemporary and refined environment. The temporary shop became not only an exhibition space, but a true meeting place, where tradition and innovation merged. We experienced special moments with our customers, creating an atmosphere that enhanced the shopping experience and the discovery of our artisanal gloves.  <\/p>\t\t\t\t\t\t<\/div>\n\t\t\t\t<\/div>\n\t\t\t\t<div class=\"elementor-element elementor-element-2149738 elementor-widget elementor-widget-heading\" data-id=\"2149738\" data-element_type=\"widget\" data-widget_type=\"heading.default\">\n\t\t\t\t<div class=\"elementor-widget-container\">\n\t\t\t<h2 class=\"elementor-heading-title elementor-size-default\">The Restelli temporary shop returns in autumn 2026!<\/h2>\t\t<\/div>\n\t\t\t\t<\/div>\n\t\t\t\t<div class=\"elementor-element elementor-element-ac8e1ec elementor-widget elementor-widget-text-editor\" data-id=\"ac8e1ec\" data-element_type=\"widget\" data-widget_type=\"text-editor.default\">\n\t\t\t\t<div class=\"elementor-widget-container\">\n\t\t\t\t\t\t\t<p>We are excited to announce that the Restelli temporary shop will return to Milan next autumn. This new season will once again be the meeting point between our clientele and the brand, continuing to offer customization services and the opportunity to try on artisanal gloves in person. Exciting news and surprises await you that will make the experience even more engaging!  <\/p><p>Restelli, with its 106 years of history, continues to look to the future with enthusiasm, offering Made in Italy products, crafted with artisanal techniques passed down through three generations. Our passion for excellence and attention to detail remain unchanged over time. <\/p>\t\t\t\t\t\t<\/div>\n\t\t\t\t<\/div>\n\t\t\t\t<div class=\"elementor-element elementor-element-2e72075 elementor-arrows-position-inside elementor-pagination-position-outside elementor-widget elementor-widget-image-carousel\" data-id=\"2e72075\" data-element_type=\"widget\" data-settings=\"{&quot;lazyload&quot;:&quot;yes&quot;,&quot;navigation&quot;:&quot;both&quot;,&quot;autoplay&quot;:&quot;yes&quot;,&quot;pause_on_hover&quot;:&quot;yes&quot;,&quot;pause_on_interaction&quot;:&quot;yes&quot;,&quot;autoplay_speed&quot;:5000,&quot;infinite&quot;:&quot;yes&quot;,&quot;speed&quot;:500}\" data-widget_type=\"image-carousel.default\">\n\t\t\t\t<div class=\"elementor-widget-container\">\n\t\t\t<style>\/*! elementor - v3.21.0 - 30-04-2024 *\/\n.elementor-widget-image-carousel .swiper,.elementor-widget-image-carousel .swiper-container{position:static}.elementor-widget-image-carousel .swiper-container .swiper-slide figure,.elementor-widget-image-carousel .swiper .swiper-slide figure{line-height:inherit}.elementor-widget-image-carousel .swiper-slide{text-align:center}.elementor-image-carousel-wrapper:not(.swiper-container-initialized):not(.swiper-initialized) .swiper-slide{max-width:calc(100% \/ var(--e-image-carousel-slides-to-show, 3))}<\/style>\t\t<div data-carousel-id=\"#carousel-6880e2d7f0b28\" class=\"elementor-image-carousel-wrapper swiper\" dir=\"ltr\">\n\t\t\t<div class=\"elementor-image-carousel swiper-wrapper\" aria-live=\"off\">\n\t\t\t\t\t\t\t\t<div class=\"swiper-slide\" role=\"group\" aria-roledescription=\"slide\" aria-label=\"1 of 6\"><figure class=\"swiper-slide-inner\"><img class=\"swiper-slide-image swiper-lazy\" data-src=\"https:\/\/restelliguanti.it\/wp-content\/uploads\/2025\/07\/restelli-temporary-shop-3-240x300.jpg\" alt=\"restelli temporary shop 3\" \/><div class=\"swiper-lazy-preloader\"><\/div><\/figure><\/div><div class=\"swiper-slide\" role=\"group\" aria-roledescription=\"slide\" aria-label=\"2 of 6\"><figure class=\"swiper-slide-inner\"><img class=\"swiper-slide-image swiper-lazy\" data-src=\"https:\/\/restelliguanti.it\/wp-content\/uploads\/2025\/07\/restelli-temporary-shop-2-300x300.jpg\" alt=\"restelli temporary shop 2\" \/><div class=\"swiper-lazy-preloader\"><\/div><\/figure><\/div><div class=\"swiper-slide\" role=\"group\" aria-roledescription=\"slide\" aria-label=\"3 of 6\"><figure class=\"swiper-slide-inner\"><img class=\"swiper-slide-image swiper-lazy\" data-src=\"https:\/\/restelliguanti.it\/wp-content\/uploads\/2025\/07\/restelli-temporary-shop-1-240x300.jpg\" alt=\"restelli temporary shop 1\" \/><div class=\"swiper-lazy-preloader\"><\/div><\/figure><\/div><div class=\"swiper-slide\" role=\"group\" aria-roledescription=\"slide\" aria-label=\"4 of 6\"><figure class=\"swiper-slide-inner\"><img class=\"swiper-slide-image swiper-lazy\" data-src=\"https:\/\/restelliguanti.it\/wp-content\/uploads\/2025\/07\/restelli-temporary-shop-6-300x300.jpg\" alt=\"restelli temporary shop 6\" \/><div class=\"swiper-lazy-preloader\"><\/div><\/figure><\/div><div class=\"swiper-slide\" role=\"group\" aria-roledescription=\"slide\" aria-label=\"5 of 6\"><figure class=\"swiper-slide-inner\"><img class=\"swiper-slide-image swiper-lazy\" data-src=\"https:\/\/restelliguanti.it\/wp-content\/uploads\/2025\/07\/restelli-temporary-shop-5-240x300.jpg\" alt=\"restelli temporary shop 5\" \/><div class=\"swiper-lazy-preloader\"><\/div><\/figure><\/div><div class=\"swiper-slide\" role=\"group\" aria-roledescription=\"slide\" aria-label=\"6 of 6\"><figure class=\"swiper-slide-inner\"><img class=\"swiper-slide-image swiper-lazy\" data-src=\"https:\/\/restelliguanti.it\/wp-content\/uploads\/2025\/07\/restelli-temporary-shop-4-300x300.jpg\" alt=\"restelli temporary shop 4\" \/><div class=\"swiper-lazy-preloader\"><\/div><\/figure><\/div>\t\t\t<\/div>\n\t\t\t\t\t\t\t\t\t\t\t\t<div class=\"elementor-swiper-button elementor-swiper-button-prev\" role=\"button\" tabindex=\"0\">\n\t\t\t\t\t\t<svg aria-hidden=\"true\" class=\"e-font-icon-svg e-eicon-chevron-left\" viewBox=\"0 0 1000 1000\" xmlns=\"http:\/\/www.w3.org\/2000\/svg\"><path d=\"M646 125C629 125 613 133 604 142L308 442C296 454 292 471 292 487 292 504 296 521 308 533L604 854C617 867 629 875 646 875 663 875 679 871 692 858 704 846 713 829 713 812 713 796 708 779 692 767L438 487 692 225C700 217 708 204 708 187 708 171 704 154 692 142 675 129 663 125 646 125Z\"><\/path><\/svg>\t\t\t\t\t<\/div>\n\t\t\t\t\t<div class=\"elementor-swiper-button elementor-swiper-button-next\" role=\"button\" tabindex=\"0\">\n\t\t\t\t\t\t<svg aria-hidden=\"true\" class=\"e-font-icon-svg e-eicon-chevron-right\" viewBox=\"0 0 1000 1000\" xmlns=\"http:\/\/www.w3.org\/2000\/svg\"><path d=\"M696 533C708 521 713 504 713 487 713 471 708 454 696 446L400 146C388 133 375 125 354 125 338 125 325 129 313 142 300 154 292 171 292 187 292 204 296 221 308 233L563 492 304 771C292 783 288 800 288 817 288 833 296 850 308 863 321 871 338 875 354 875 371 875 388 867 400 854L696 533Z\"><\/path><\/svg>\t\t\t\t\t<\/div>\n\t\t\t\t\n\t\t\t\t\t\t\t\t\t<div class=\"swiper-pagination\"><\/div>\n\t\t\t\t\t\t\t\t\t<\/div>\n\t\t\t\t<\/div>\n\t\t\t\t<\/div>\n\t\t\t\t<div class=\"elementor-element elementor-element-ce9804c elementor-widget elementor-widget-text-editor\" data-id=\"ce9804c\" data-element_type=\"widget\" data-widget_type=\"text-editor.default\">\n\t\t\t\t<div class=\"elementor-widget-container\">\n\t\t\t\t\t\t\t<p>In the meantime, you can discover our collections in our online shop and <strong><span style=\"text-decoration: underline;\"><a href=\"https:\/\/restelliguanti.it\/en\/newsletter\/\" target=\"_blank\" rel=\"noopener\">subscribe to our newsletter<\/a><\/span><\/strong> to be among the first to know the reopening date of the temporary shop and all Restelli news.<br>Follow us on our social channels to stay always connected with us:<\/p><p><strong>Instagram<\/strong>: <a href=\"https:\/\/www.instagram.com\/restelliguanti\" target=\"_blank\" rel=\"noopener\">https:\/\/www.instagram.com\/restelliguanti<\/a><br><strong>Facebook<\/strong>: <a href=\"https:\/\/www.facebook.com\/restelliguanti\" target=\"_blank\" rel=\"noopener\">https:\/\/www.facebook.com\/restelliguanti<\/a><\/p><p>Returning with the temporary shop is a further sign of our love for Milan, a city where we have been present for over a century. We can&#8217;t wait to reopen our doors and meet again our loyal customers and anyone who wants to discover the excellence of our production, always marked by the luxury and quality that distinguish us. <\/p>\t\t\t\t\t\t<\/div>\n\t\t\t\t<\/div>\n\t\t\t\t<div class=\"elementor-element elementor-element-02b7afc elementor-hidden-desktop elementor-hidden-tablet elementor-hidden-mobile elementor-widget elementor-widget-text-editor\" data-id=\"02b7afc\" data-element_type=\"widget\" data-widget_type=\"text-editor.default\">\n\t\t\t\t<div class=\"elementor-widget-container\">\n\t\t\t\t\t\t\t<p>View the Temporary Shop on Google Maps:<br><a href=\"https:\/\/maps.app.goo.gl\/Qd4bUzbrymq8ghGf9\" target=\"_blank\" rel=\"noopener\">https:\/\/maps.app.goo.gl\/Qd4bUzbrymq8ghGf9<\/a><\/p>\t\t\t\t\t\t<\/div>\n\t\t\t\t<\/div>\n\t\t\t\t<div class=\"elementor-element elementor-element-aa16b57 elementor-hidden-desktop elementor-hidden-tablet elementor-hidden-mobile elementor-widget elementor-widget-text-editor\" data-id=\"aa16b57\" data-element_type=\"widget\" data-widget_type=\"text-editor.default\">\n\t\t\t\t<div class=\"elementor-widget-container\">\n\t\t\t\t\t\t\t<iframe src=\"https:\/\/www.google.com\/maps\/embed?pb=!1m18!1m12!1m3!1d2798.178694163454!2d9.17415097603762!3d45.466204133305254!2m3!1f0!2f0!3f0!3m2!1i1024!2i768!4f13.1!3m3!1m2!1s0x4786c151a6380319%3A0x8ffd90984e211bf5!2sCorso%20Magenta%2C%2032%2C%2020123%20Milano%20MI!5e0!3m2!1sit!2sit!4v1726747570897!5m2!1sit!2sit\" width=\"600\" height=\"450\" style=\"border:0;\" allowfullscreen=\"\" loading=\"lazy\" referrerpolicy=\"no-referrer-when-downgrade\"><\/iframe>\t\t\t\t\t\t<\/div>\n\t\t\t\t<\/div>\n\t\t\t\t\t<\/div>\n\t\t\t\t<\/div>\n\t\t\t\t<\/div>\n\t\t","protected":false},"excerpt":{"rendered":"<p>Milan&#8217;s Restelli Temporary Shop will come back in autumn We are delighted to share the success of the Restelli temporary [&hellip;]<\/p>\n","protected":false},"author":2,"featured_media":0,"parent":0,"menu_order":0,"comment_status":"closed","ping_status":"closed","template":"template-builder.php","meta":{"_acf_changed":false,"footnotes":""},"class_list":["post-115831","page","type-page","status-publish","hentry"],"acf":[],"yoast_head":"<!-- This site is optimized with the Yoast SEO plugin v26.1.1 - https:\/\/yoast.com\/wordpress\/plugins\/seo\/ -->\n<title>Temporary Shop Restelli in Milano \u2013 see you in autumn | Restelli Guanti<\/title>\n<meta name=\"description\" content=\"Milan&#039;s Restelli Temporary Shop will come back in autumn Premium artisanal gloves for men, women, driving e skiing.\" \/>\n<meta name=\"robots\" content=\"index, follow, max-snippet:-1, max-image-preview:large, max-video-preview:-1\" \/>\n<link rel=\"canonical\" href=\"https:\/\/restelliguanti.it\/en\/temporary-shop-restelli-milan-artisan-custom-gloves\/\" \/>\n<meta property=\"og:locale\" content=\"en_US\" \/>\n<meta property=\"og:type\" content=\"article\" \/>\n<meta property=\"og:title\" content=\"Temporary Shop Restelli in Milano \u2013 see you in autumn | Restelli Guanti\" \/>\n<meta property=\"og:description\" content=\"Milan&#039;s Restelli Temporary Shop will come back in autumn Premium artisanal gloves for men, women, driving e skiing.\" \/>\n<meta property=\"og:url\" content=\"https:\/\/restelliguanti.it\/en\/temporary-shop-restelli-milan-artisan-custom-gloves\/\" \/>\n<meta property=\"og:site_name\" content=\"Restelli Guanti\" \/>\n<meta property=\"article:publisher\" content=\"https:\/\/www.facebook.com\/restelliguanti?fref=ts\" \/>\n<meta property=\"article:modified_time\" content=\"2026-02-02T09:41:22+00:00\" \/>\n<meta property=\"og:image\" content=\"https:\/\/restelliguanti.it\/wp-content\/uploads\/2025\/07\/restelli-temporary-shop-3-240x300.jpg\" \/>\n<meta name=\"twitter:card\" content=\"summary_large_image\" \/>\n<meta name=\"twitter:site\" content=\"@restelliguanti\" \/>\n<meta name=\"twitter:label1\" content=\"Est. reading time\" \/>\n\t<meta name=\"twitter:data1\" content=\"3 minutes\" \/>\n<script type=\"application\/ld+json\" class=\"yoast-schema-graph\">{\"@context\":\"https:\/\/schema.org\",\"@graph\":[{\"@type\":\"WebPage\",\"@id\":\"https:\/\/restelliguanti.it\/en\/temporary-shop-restelli-milan-artisan-custom-gloves\/\",\"url\":\"https:\/\/restelliguanti.it\/en\/temporary-shop-restelli-milan-artisan-custom-gloves\/\",\"name\":\"Temporary Shop Restelli in Milano \u2013 see you in autumn | Restelli Guanti\",\"isPartOf\":{\"@id\":\"https:\/\/restelliguanti.it\/en\/#website\"},\"primaryImageOfPage\":{\"@id\":\"https:\/\/restelliguanti.it\/en\/temporary-shop-restelli-milan-artisan-custom-gloves\/#primaryimage\"},\"image\":{\"@id\":\"https:\/\/restelliguanti.it\/en\/temporary-shop-restelli-milan-artisan-custom-gloves\/#primaryimage\"},\"thumbnailUrl\":\"https:\/\/restelliguanti.it\/wp-content\/uploads\/2025\/07\/restelli-temporary-shop-3-240x300.jpg\",\"datePublished\":\"2025-07-24T07:44:40+00:00\",\"dateModified\":\"2026-02-02T09:41:22+00:00\",\"description\":\"Milan's Restelli Temporary Shop will come back in autumn Premium artisanal gloves for men, women, driving e skiing.\",\"breadcrumb\":{\"@id\":\"https:\/\/restelliguanti.it\/en\/temporary-shop-restelli-milan-artisan-custom-gloves\/#breadcrumb\"},\"inLanguage\":\"en-US\",\"potentialAction\":[{\"@type\":\"ReadAction\",\"target\":[\"https:\/\/restelliguanti.it\/en\/temporary-shop-restelli-milan-artisan-custom-gloves\/\"]}]},{\"@type\":\"ImageObject\",\"inLanguage\":\"en-US\",\"@id\":\"https:\/\/restelliguanti.it\/en\/temporary-shop-restelli-milan-artisan-custom-gloves\/#primaryimage\",\"url\":\"https:\/\/restelliguanti.it\/wp-content\/uploads\/2025\/07\/restelli-temporary-shop-3-240x300.jpg\",\"contentUrl\":\"https:\/\/restelliguanti.it\/wp-content\/uploads\/2025\/07\/restelli-temporary-shop-3-240x300.jpg\"},{\"@type\":\"BreadcrumbList\",\"@id\":\"https:\/\/restelliguanti.it\/en\/temporary-shop-restelli-milan-artisan-custom-gloves\/#breadcrumb\",\"itemListElement\":[{\"@type\":\"ListItem\",\"position\":1,\"name\":\"Home\",\"item\":\"https:\/\/restelliguanti.it\/en\/\"},{\"@type\":\"ListItem\",\"position\":2,\"name\":\"Milan&#8217;s Restelli Temporary Shop will come back in autumn\"}]},{\"@type\":\"WebSite\",\"@id\":\"https:\/\/restelliguanti.it\/en\/#website\",\"url\":\"https:\/\/restelliguanti.it\/en\/\",\"name\":\"Restelli Guanti\",\"description\":\"Guanti di lusso made in italy\",\"publisher\":{\"@id\":\"https:\/\/restelliguanti.it\/en\/#organization\"},\"potentialAction\":[{\"@type\":\"SearchAction\",\"target\":{\"@type\":\"EntryPoint\",\"urlTemplate\":\"https:\/\/restelliguanti.it\/en\/?s={search_term_string}\"},\"query-input\":{\"@type\":\"PropertyValueSpecification\",\"valueRequired\":true,\"valueName\":\"search_term_string\"}}],\"inLanguage\":\"en-US\"},{\"@type\":\"Organization\",\"@id\":\"https:\/\/restelliguanti.it\/en\/#organization\",\"name\":\"Restelli Guanti\",\"url\":\"https:\/\/restelliguanti.it\/en\/\",\"logo\":{\"@type\":\"ImageObject\",\"inLanguage\":\"en-US\",\"@id\":\"https:\/\/restelliguanti.it\/en\/#\/schema\/logo\/image\/\",\"url\":\"https:\/\/restelliguanti.it\/wp-content\/uploads\/2024\/11\/logo-square.jpg\",\"contentUrl\":\"https:\/\/restelliguanti.it\/wp-content\/uploads\/2024\/11\/logo-square.jpg\",\"width\":1200,\"height\":1200,\"caption\":\"Restelli Guanti\"},\"image\":{\"@id\":\"https:\/\/restelliguanti.it\/en\/#\/schema\/logo\/image\/\"},\"sameAs\":[\"https:\/\/www.facebook.com\/restelliguanti?fref=ts\",\"https:\/\/x.com\/restelliguanti\",\"https:\/\/www.instagram.com\/restelliguanti\/\",\"http:\/\/www.pinterest.com\/restelliguanti\/\"]}]}<\/script>\n<!-- \/ Yoast SEO plugin. -->","yoast_head_json":{"title":"Temporary Shop Restelli in Milano \u2013 see you in autumn | Restelli Guanti","description":"Milan's Restelli Temporary Shop will come back in autumn Premium artisanal gloves for men, women, driving e skiing.","robots":{"index":"index","follow":"follow","max-snippet":"max-snippet:-1","max-image-preview":"max-image-preview:large","max-video-preview":"max-video-preview:-1"},"canonical":"https:\/\/restelliguanti.it\/en\/temporary-shop-restelli-milan-artisan-custom-gloves\/","og_locale":"en_US","og_type":"article","og_title":"Temporary Shop Restelli in Milano \u2013 see you in autumn | Restelli Guanti","og_description":"Milan's Restelli Temporary Shop will come back in autumn Premium artisanal gloves for men, women, driving e skiing.","og_url":"https:\/\/restelliguanti.it\/en\/temporary-shop-restelli-milan-artisan-custom-gloves\/","og_site_name":"Restelli Guanti","article_publisher":"https:\/\/www.facebook.com\/restelliguanti?fref=ts","article_modified_time":"2026-02-02T09:41:22+00:00","og_image":[{"url":"https:\/\/restelliguanti.it\/wp-content\/uploads\/2025\/07\/restelli-temporary-shop-3-240x300.jpg","type":"","width":"","height":""}],"twitter_card":"summary_large_image","twitter_site":"@restelliguanti","twitter_misc":{"Est. reading time":"3 minutes"},"schema":{"@context":"https:\/\/schema.org","@graph":[{"@type":"WebPage","@id":"https:\/\/restelliguanti.it\/en\/temporary-shop-restelli-milan-artisan-custom-gloves\/","url":"https:\/\/restelliguanti.it\/en\/temporary-shop-restelli-milan-artisan-custom-gloves\/","name":"Temporary Shop Restelli in Milano \u2013 see you in autumn | Restelli Guanti","isPartOf":{"@id":"https:\/\/restelliguanti.it\/en\/#website"},"primaryImageOfPage":{"@id":"https:\/\/restelliguanti.it\/en\/temporary-shop-restelli-milan-artisan-custom-gloves\/#primaryimage"},"image":{"@id":"https:\/\/restelliguanti.it\/en\/temporary-shop-restelli-milan-artisan-custom-gloves\/#primaryimage"},"thumbnailUrl":"https:\/\/restelliguanti.it\/wp-content\/uploads\/2025\/07\/restelli-temporary-shop-3-240x300.jpg","datePublished":"2025-07-24T07:44:40+00:00","dateModified":"2026-02-02T09:41:22+00:00","description":"Milan's Restelli Temporary Shop will come back in autumn Premium artisanal gloves for men, women, driving e skiing.","breadcrumb":{"@id":"https:\/\/restelliguanti.it\/en\/temporary-shop-restelli-milan-artisan-custom-gloves\/#breadcrumb"},"inLanguage":"en-US","potentialAction":[{"@type":"ReadAction","target":["https:\/\/restelliguanti.it\/en\/temporary-shop-restelli-milan-artisan-custom-gloves\/"]}]},{"@type":"ImageObject","inLanguage":"en-US","@id":"https:\/\/restelliguanti.it\/en\/temporary-shop-restelli-milan-artisan-custom-gloves\/#primaryimage","url":"https:\/\/restelliguanti.it\/wp-content\/uploads\/2025\/07\/restelli-temporary-shop-3-240x300.jpg","contentUrl":"https:\/\/restelliguanti.it\/wp-content\/uploads\/2025\/07\/restelli-temporary-shop-3-240x300.jpg"},{"@type":"BreadcrumbList","@id":"https:\/\/restelliguanti.it\/en\/temporary-shop-restelli-milan-artisan-custom-gloves\/#breadcrumb","itemListElement":[{"@type":"ListItem","position":1,"name":"Home","item":"https:\/\/restelliguanti.it\/en\/"},{"@type":"ListItem","position":2,"name":"Milan&#8217;s Restelli Temporary Shop will come back in autumn"}]},{"@type":"WebSite","@id":"https:\/\/restelliguanti.it\/en\/#website","url":"https:\/\/restelliguanti.it\/en\/","name":"Restelli Guanti","description":"Guanti di lusso made in italy","publisher":{"@id":"https:\/\/restelliguanti.it\/en\/#organization"},"potentialAction":[{"@type":"SearchAction","target":{"@type":"EntryPoint","urlTemplate":"https:\/\/restelliguanti.it\/en\/?s={search_term_string}"},"query-input":{"@type":"PropertyValueSpecification","valueRequired":true,"valueName":"search_term_string"}}],"inLanguage":"en-US"},{"@type":"Organization","@id":"https:\/\/restelliguanti.it\/en\/#organization","name":"Restelli Guanti","url":"https:\/\/restelliguanti.it\/en\/","logo":{"@type":"ImageObject","inLanguage":"en-US","@id":"https:\/\/restelliguanti.it\/en\/#\/schema\/logo\/image\/","url":"https:\/\/restelliguanti.it\/wp-content\/uploads\/2024\/11\/logo-square.jpg","contentUrl":"https:\/\/restelliguanti.it\/wp-content\/uploads\/2024\/11\/logo-square.jpg","width":1200,"height":1200,"caption":"Restelli Guanti"},"image":{"@id":"https:\/\/restelliguanti.it\/en\/#\/schema\/logo\/image\/"},"sameAs":["https:\/\/www.facebook.com\/restelliguanti?fref=ts","https:\/\/x.com\/restelliguanti","https:\/\/www.instagram.com\/restelliguanti\/","http:\/\/www.pinterest.com\/restelliguanti\/"]}]}},"_links":{"self":[{"href":"https:\/\/restelliguanti.it\/en\/wp-json\/wp\/v2\/pages\/115831","targetHints":{"allow":["GET"]}}],"collection":[{"href":"https:\/\/restelliguanti.it\/en\/wp-json\/wp\/v2\/pages"}],"about":[{"href":"https:\/\/restelliguanti.it\/en\/wp-json\/wp\/v2\/types\/page"}],"author":[{"embeddable":true,"href":"https:\/\/restelliguanti.it\/en\/wp-json\/wp\/v2\/users\/2"}],"replies":[{"embeddable":true,"href":"https:\/\/restelliguanti.it\/en\/wp-json\/wp\/v2\/comments?post=115831"}],"version-history":[{"count":14,"href":"https:\/\/restelliguanti.it\/en\/wp-json\/wp\/v2\/pages\/115831\/revisions"}],"predecessor-version":[{"id":118720,"href":"https:\/\/restelliguanti.it\/en\/wp-json\/wp\/v2\/pages\/115831\/revisions\/118720"}],"wp:attachment":[{"href":"https:\/\/restelliguanti.it\/en\/wp-json\/wp\/v2\/media?parent=115831"}],"curies":[{"name":"wp","href":"https:\/\/api.w.org\/{rel}","templated":true}]}}